{"id":3,"date":"2024-11-05T03:13:44","date_gmt":"2024-11-05T03:13:44","guid":{"rendered":"https:\/\/concretefiberhub.com\/?page_id=3"},"modified":"2025-01-15T01:49:58","modified_gmt":"2025-01-15T01:49:58","slug":"gizlilik-politikasi","status":"publish","type":"page","link":"https:\/\/concretefiberhub.com\/tr\/gizlilik-politikasi\/","title":{"rendered":"Gizlilik Politikas\u0131"},"content":{"rendered":"<div data-elementor-type=\"wp-page\" data-elementor-id=\"3\" class=\"elementor elementor-3\" data-elementor-post-type=\"page\">\n\t\t\t\t<div class=\"elementor-element elementor-element-7b71deb3 e-flex e-con-boxed e-con e-parent\" data-id=\"7b71deb3\" data-element_type=\"container\" data-e-type=\"container\">\n\t\t\t\t\t<div class=\"e-con-inner\">\n\t\t\t\t<div class=\"elementor-element elementor-element-d8f14fa elementor-widget elementor-widget-heading\" data-id=\"d8f14fa\" data-element_type=\"widget\" data-e-type=\"widget\" data-widget_type=\"heading.default\">\n\t\t\t\t<div class=\"elementor-widget-container\">\n\t\t\t\t\t<h1 class=\"elementor-heading-title elementor-size-default\">Fiberego Gizlilik Bildirimi<\/h1>\t\t\t\t<\/div>\n\t\t\t\t<\/div>\n\t\t\t\t<div class=\"elementor-element elementor-element-6d66819 elementor-widget elementor-widget-text-editor\" data-id=\"6d66819\" data-element_type=\"widget\" data-e-type=\"widget\" data-widget_type=\"text-editor.default\">\n\t\t\t\t<div class=\"elementor-widget-container\">\n\t\t\t\t\t\t\t\t\t<div class=\"Privacy_item\" data-v-07e5320a=\"\"><div class=\"desc\" data-v-07e5320a=\"\">Fiberego gizlili\u011finizi \u00e7ok ciddiye al\u0131r ve ki\u015fisel bilgilerinizi ve veri g\u00fcvenli\u011finizi korumay\u0131 taahh\u00fct eder. A\u015fa\u011f\u0131da Fiberego'nun gizlilik politikas\u0131 ve gizlilik taahh\u00fcd\u00fc hakk\u0131nda bir a\u00e7\u0131klama yer almaktad\u0131r.<\/div><\/div><h3 class=\"Privacy_item\">1. Gizlilik Politikas\u0131na Genel Bak\u0131\u015f<\/h3><div class=\"desc\" data-v-07e5320a=\"\">Fiberego, size kaliteli hizmet ve ho\u015f bir deneyim sunmak i\u00e7in ki\u015fisel bilgilerinizi toplar ve kullan\u0131r. Gizlilik korumam\u0131z, gezinme, sat\u0131n alma, kay\u0131t olma, mesaj b\u0131rakma ve di\u011fer davran\u0131\u015flar\u0131n\u0131z dahil ancak bunlarla s\u0131n\u0131rl\u0131 olmamak \u00fczere Fiberego web sitesindeki t\u00fcm faaliyetlerinizi kapsar.<br data-v-07e5320a=\"\" \/>Ki\u015fisel bilgilerinizi yaln\u0131zca sizin izninizle veya yasalar\u0131n gerektirdi\u011fi \u015fekilde toplayacak ve kullanaca\u011f\u0131z. Ki\u015fisel bilgilerinizi i\u015flerken ilgili yasa ve y\u00f6netmeliklere kesinlikle uyaca\u011f\u0131m\u0131za ve gizlili\u011finizi korumak i\u00e7in uygun \u00f6nlemleri alaca\u011f\u0131m\u0131za s\u00f6z veriyoruz.<\/div><div class=\"Privacy_item\" data-v-07e5320a=\"\"><h3 class=\"title\">2. Veri g\u00fcvenli\u011fi \u00f6nlemleri<\/h3><div class=\"desc\" data-v-07e5320a=\"\">Veri g\u00fcvenli\u011finizi sa\u011flamak i\u00e7in a\u015fa\u011f\u0131daki \u00f6nlemleri ald\u0131k:<br data-v-07e5320a=\"\" \/>Veri \u015fifreleme: Yetkisiz eri\u015fimi ve veri s\u0131z\u0131nt\u0131s\u0131n\u0131 \u00f6nlemek i\u00e7in ki\u015fisel bilgilerinizi sunucular\u0131m\u0131zda \u015fifrelenmi\u015f olarak sakl\u0131yoruz.<br data-v-07e5320a=\"\" \/>Eri\u015fim Kontrol\u00fc: Ki\u015fisel bilgilerinize eri\u015fimi kesinlikle k\u0131s\u0131tl\u0131yoruz ve yaln\u0131zca ihtiyac\u0131 olan \u00e7al\u0131\u015fanlar ve ortaklar taraf\u0131ndan kullan\u0131yoruz.<br data-v-07e5320a=\"\" \/>Veri Yedekleme: Veri kayb\u0131n\u0131 veya bozulmas\u0131n\u0131 \u00f6nlemek i\u00e7in ki\u015fisel bilgilerinizi d\u00fczenli olarak yedekliyoruz.<\/div><\/div><div class=\"Privacy_item\" data-v-07e5320a=\"\"><h3 class=\"title\">3. Kullan\u0131c\u0131 Hak ve Menfaatlerinin Korunmas\u0131<\/h3><div class=\"desc\" data-v-07e5320a=\"\">Haklar\u0131n\u0131za b\u00fcy\u00fck \u00f6nem veriyor, gizlili\u011finizi ve g\u00fcvenli\u011finizi korumak i\u00e7in a\u015fa\u011f\u0131daki \u00f6nlemleri al\u0131yoruz:<br data-v-07e5320a=\"\" \/>Kullan\u0131c\u0131 bilgilerinin korunmas\u0131: A\u00e7\u0131k\u00e7a kabul etmedi\u011finiz veya yasalar gerektirmedi\u011fi s\u00fcrece ki\u015fisel bilgilerinizi \u00fc\u00e7\u00fcnc\u00fc taraflara satmayaca\u011f\u0131m\u0131za veya kiralamayaca\u011f\u0131m\u0131za s\u00f6z veriyoruz.<br data-v-07e5320a=\"\" \/>Fikri m\u00fclkiyet korumas\u0131: Fikri m\u00fclkiyet haklar\u0131n\u0131za sayg\u0131 duyuyor ve ki\u015fisel bilgilerinizin yasa d\u0131\u015f\u0131 ama\u00e7larla kullan\u0131lmas\u0131n\u0131 \u00f6nlemek i\u00e7in gerekli ad\u0131mlar\u0131 at\u0131yoruz.<br data-v-07e5320a=\"\" \/>\u0130hlallerin ele al\u0131nmas\u0131: Bu gizlilik politikas\u0131n\u0131 ihlal eden herhangi bir davran\u0131\u015f tespit ederseniz, l\u00fctfen derhal bizimle ileti\u015fime ge\u00e7in; benzer davran\u0131\u015flar\u0131 d\u00fczeltmek ve \u00f6nlemek i\u00e7in uygun \u00f6nlemleri alaca\u011f\u0131z.<\/div><\/div><div class=\"Privacy_item\" data-v-07e5320a=\"\"><h3 class=\"title\">4. Sorumluluk Reddi<\/h3><div class=\"desc\" data-v-07e5320a=\"\">KULLANIM R\u0130SK\u0130 VE SORUMLULUK: Fiberego web sitesini kulland\u0131\u011f\u0131n\u0131zda, bunu kendi risk ve sorumlulu\u011funuzda yapars\u0131n\u0131z.<br data-v-07e5320a=\"\" \/>Yasad\u0131\u015f\u0131 Eylemlerin Reddi: Fiberego, bu web sitesini kullan\u0131rken sizin veya di\u011fer kullan\u0131c\u0131lar\u0131n kar\u015f\u0131la\u015ft\u0131\u011f\u0131 herhangi bir yasad\u0131\u015f\u0131 eylemden sorumlu olmayacakt\u0131r.<br data-v-07e5320a=\"\" \/>A\u011f ortam\u0131n\u0131n bak\u0131m\u0131: Fiberego, t\u00fcm kullan\u0131c\u0131lar\u0131 bu web sitesinin d\u00fczenlemelerine sayg\u0131 g\u00f6stermeye ve iyi bir a\u011f ortam\u0131n\u0131 aktif olarak s\u00fcrd\u00fcrmeye te\u015fvik eder.<\/div><\/div><div class=\"Privacy_item\" data-v-07e5320a=\"\"><h3 class=\"title\">Bu gizlilik bildirimi hakk\u0131nda herhangi bir sorunuz veya \u00f6neriniz varsa, l\u00fctfen bizimle ileti\u015fime ge\u00e7in:<\/h3><div class=\"desc\" data-v-07e5320a=\"\">E-posta: info@fiberego-mikem.com<br data-v-07e5320a=\"\" \/>M\u00fc\u015fteri hizmetleri hatt\u0131: 0531-87919350<br data-v-07e5320a=\"\" \/>Bu gizlilik bildirimi, yeni yasa ve y\u00f6netmeliklere ve i\u015f ihtiya\u00e7lar\u0131na uyum sa\u011flamak i\u00e7in s\u00fcrekli olarak g\u00fcncellenecektir. Herhangi bir de\u011fi\u015fiklik olmas\u0131 durumunda, bu sayfada bir bildirim yay\u0131nlayaca\u011f\u0131z. En son i\u00e7erik i\u00e7in l\u00fctfen bu Gizlilik Bildirimini takip edin.<\/div><\/div>\t\t\t\t\t\t\t\t<\/div>\n\t\t\t\t<\/div>\n\t\t\t\t\t<\/div>\n\t\t\t\t<\/div>\n\t\t\t\t<\/div>","protected":false},"excerpt":{"rendered":"<p>Fiberego Privacy Statement Fiberego takes your privacy very seriously and is committed to protecting your personal information and data security. [&hellip;]<\/p>\n","protected":false},"author":1,"featured_media":0,"parent":0,"menu_order":0,"comment_status":"closed","ping_status":"closed","template":"","meta":{"site-sidebar-layout":"default","site-content-layout":"","ast-site-content-layout":"","site-content-style":"default","site-sidebar-style":"default","ast-global-header-display":"","ast-banner-title-visibility":"","ast-main-header-display":"","ast-hfb-above-header-display":"","ast-hfb-below-header-display":"","ast-hfb-mobile-header-display":"","site-post-title":"disabled","ast-breadcrumbs-content":"","ast-featured-img":"","footer-sml-layout":"","theme-transparent-header-meta":"","adv-header-id-meta":"","stick-header-meta":"","header-above-stick-meta":"","header-main-stick-meta":"","header-below-stick-meta":"","astra-migrate-meta-layouts":"default","ast-page-background-enabled":"default","ast-page-background-meta":{"desktop":{"background-color":"var(--ast-global-color-4)","background-image":"","background-repeat":"repeat","background-position":"center center","background-size":"auto","background-attachment":"scroll","background-type":"","background-media":"","overlay-type":"","overlay-color":"","overlay-opacity":"","overlay-gradient":""},"tablet":{"background-color":"","background-image":"","background-repeat":"repeat","background-position":"center center","background-size":"auto","background-attachment":"scroll","background-type":"","background-media":"","overlay-type":"","overlay-color":"","overlay-opacity":"","overlay-gradient":""},"mobile":{"background-color":"","background-image":"","background-repeat":"repeat","background-position":"center center","background-size":"auto","background-attachment":"scroll","background-type":"","background-media":"","overlay-type":"","overlay-color":"","overlay-opacity":"","overlay-gradient":""}},"ast-content-background-meta":{"desktop":{"background-color":"var(--ast-global-color-5)","background-image":"","background-repeat":"repeat","background-position":"center center","background-size":"auto","background-attachment":"scroll","background-type":"","background-media":"","overlay-type":"","overlay-color":"","overlay-opacity":"","overlay-gradient":""},"tablet":{"background-color":"var(--ast-global-color-5)","background-image":"","background-repeat":"repeat","background-position":"center center","background-size":"auto","background-attachment":"scroll","background-type":"","background-media":"","overlay-type":"","overlay-color":"","overlay-opacity":"","overlay-gradient":""},"mobile":{"background-color":"var(--ast-global-color-5)","background-image":"","background-repeat":"repeat","background-position":"center center","background-size":"auto","background-attachment":"scroll","background-type":"","background-media":"","overlay-type":"","overlay-color":"","overlay-opacity":"","overlay-gradient":""}},"footnotes":""},"class_list":["post-3","page","type-page","status-publish","hentry"],"yoast_head":"<!-- This site is optimized with the Yoast SEO Premium plugin v24.9 (Yoast SEO v24.9) - https:\/\/yoast.com\/wordpress\/plugins\/seo\/ -->\n<title>Privacy Policy - concretefiberhub.com<\/title>\n<meta name=\"robots\" content=\"index, follow, max-snippet:-1, max-image-preview:large, max-video-preview:-1\" \/>\n<link rel=\"canonical\" href=\"https:\/\/concretefiberhub.com\/tr\/gizlilik-politikasi\/\" \/>\n<meta property=\"og:locale\" content=\"tr_TR\" \/>\n<meta property=\"og:type\" content=\"article\" \/>\n<meta property=\"og:title\" content=\"Privacy Policy\" \/>\n<meta property=\"og:description\" content=\"Fiberego Privacy Statement Fiberego takes your privacy very seriously and is committed to protecting your personal information and data security. [&hellip;]\" \/>\n<meta property=\"og:url\" content=\"https:\/\/concretefiberhub.com\/tr\/gizlilik-politikasi\/\" \/>\n<meta property=\"og:site_name\" content=\"concretefiberhub.com\" \/>\n<meta property=\"article:modified_time\" content=\"2025-01-15T01:49:58+00:00\" \/>\n<meta name=\"twitter:card\" content=\"summary_large_image\" \/>\n<meta name=\"twitter:label1\" content=\"Tahmini okuma s\u00fcresi\" \/>\n\t<meta name=\"twitter:data1\" content=\"2 dakika\" \/>\n<script type=\"application\/ld+json\" class=\"yoast-schema-graph\">{\"@context\":\"https:\/\/schema.org\",\"@graph\":[{\"@type\":\"WebPage\",\"@id\":\"https:\/\/concretefiberhub.com\/privacy-policy\/\",\"url\":\"https:\/\/concretefiberhub.com\/privacy-policy\/\",\"name\":\"Privacy Policy - concretefiberhub.com\",\"isPartOf\":{\"@id\":\"https:\/\/concretefiberhub.com\/#website\"},\"datePublished\":\"2024-11-05T03:13:44+00:00\",\"dateModified\":\"2025-01-15T01:49:58+00:00\",\"breadcrumb\":{\"@id\":\"https:\/\/concretefiberhub.com\/privacy-policy\/#breadcrumb\"},\"inLanguage\":\"tr\",\"potentialAction\":[{\"@type\":\"ReadAction\",\"target\":[\"https:\/\/concretefiberhub.com\/privacy-policy\/\"]}]},{\"@type\":\"BreadcrumbList\",\"@id\":\"https:\/\/concretefiberhub.com\/privacy-policy\/#breadcrumb\",\"itemListElement\":[{\"@type\":\"ListItem\",\"position\":1,\"name\":\"Home\",\"item\":\"https:\/\/concretefiberhub.com\/\"},{\"@type\":\"ListItem\",\"position\":2,\"name\":\"Privacy Policy\"}]},{\"@type\":\"WebSite\",\"@id\":\"https:\/\/concretefiberhub.com\/#website\",\"url\":\"https:\/\/concretefiberhub.com\/\",\"name\":\"concretefiberhub.com\",\"description\":\"concretefiberhub.com\",\"publisher\":{\"@id\":\"https:\/\/concretefiberhub.com\/#organization\"},\"potentialAction\":[{\"@type\":\"SearchAction\",\"target\":{\"@type\":\"EntryPoint\",\"urlTemplate\":\"https:\/\/concretefiberhub.com\/?s={search_term_string}\"},\"query-input\":{\"@type\":\"PropertyValueSpecification\",\"valueRequired\":true,\"valueName\":\"search_term_string\"}}],\"inLanguage\":\"tr\"},{\"@type\":\"Organization\",\"@id\":\"https:\/\/concretefiberhub.com\/#organization\",\"name\":\"concretefiberhub.com\",\"url\":\"https:\/\/concretefiberhub.com\/\",\"logo\":{\"@type\":\"ImageObject\",\"inLanguage\":\"tr\",\"@id\":\"https:\/\/concretefiberhub.com\/#\/schema\/logo\/image\/\",\"url\":\"https:\/\/concretefiberhub.com\/wp-content\/uploads\/2024\/12\/fiberego-logo.png\",\"contentUrl\":\"https:\/\/concretefiberhub.com\/wp-content\/uploads\/2024\/12\/fiberego-logo.png\",\"width\":969,\"height\":225,\"caption\":\"concretefiberhub.com\"},\"image\":{\"@id\":\"https:\/\/concretefiberhub.com\/#\/schema\/logo\/image\/\"}}]}<\/script>\n<!-- \/ Yoast SEO Premium plugin. -->","yoast_head_json":{"title":"Gizlilik Politikas\u0131 - concretefiberhub.com","robots":{"index":"index","follow":"follow","max-snippet":"max-snippet:-1","max-image-preview":"max-image-preview:large","max-video-preview":"max-video-preview:-1"},"canonical":"https:\/\/concretefiberhub.com\/tr\/gizlilik-politikasi\/","og_locale":"tr_TR","og_type":"article","og_title":"Privacy Policy","og_description":"Fiberego Privacy Statement Fiberego takes your privacy very seriously and is committed to protecting your personal information and data security. [&hellip;]","og_url":"https:\/\/concretefiberhub.com\/tr\/gizlilik-politikasi\/","og_site_name":"concretefiberhub.com","article_modified_time":"2025-01-15T01:49:58+00:00","twitter_card":"summary_large_image","twitter_misc":{"Tahmini okuma s\u00fcresi":"2 dakika"},"schema":{"@context":"https:\/\/schema.org","@graph":[{"@type":"WebPage","@id":"https:\/\/concretefiberhub.com\/privacy-policy\/","url":"https:\/\/concretefiberhub.com\/privacy-policy\/","name":"Gizlilik Politikas\u0131 - concretefiberhub.com","isPartOf":{"@id":"https:\/\/concretefiberhub.com\/#website"},"datePublished":"2024-11-05T03:13:44+00:00","dateModified":"2025-01-15T01:49:58+00:00","breadcrumb":{"@id":"https:\/\/concretefiberhub.com\/privacy-policy\/#breadcrumb"},"inLanguage":"tr","potentialAction":[{"@type":"ReadAction","target":["https:\/\/concretefiberhub.com\/privacy-policy\/"]}]},{"@type":"BreadcrumbList","@id":"https:\/\/concretefiberhub.com\/privacy-policy\/#breadcrumb","itemListElement":[{"@type":"ListItem","position":1,"name":"Home","item":"https:\/\/concretefiberhub.com\/"},{"@type":"ListItem","position":2,"name":"Privacy Policy"}]},{"@type":"WebSite","@id":"https:\/\/concretefiberhub.com\/#website","url":"https:\/\/concretefiberhub.com\/","name":"concretefiberhub.com","description":"concretefiberhub.com","publisher":{"@id":"https:\/\/concretefiberhub.com\/#organization"},"potentialAction":[{"@type":"SearchAction","target":{"@type":"EntryPoint","urlTemplate":"https:\/\/concretefiberhub.com\/?s={search_term_string}"},"query-input":{"@type":"PropertyValueSpecification","valueRequired":true,"valueName":"search_term_string"}}],"inLanguage":"tr"},{"@type":"Organization","@id":"https:\/\/concretefiberhub.com\/#organization","name":"concretefiberhub.com","url":"https:\/\/concretefiberhub.com\/","logo":{"@type":"ImageObject","inLanguage":"tr","@id":"https:\/\/concretefiberhub.com\/#\/schema\/logo\/image\/","url":"https:\/\/concretefiberhub.com\/wp-content\/uploads\/2024\/12\/fiberego-logo.png","contentUrl":"https:\/\/concretefiberhub.com\/wp-content\/uploads\/2024\/12\/fiberego-logo.png","width":969,"height":225,"caption":"concretefiberhub.com"},"image":{"@id":"https:\/\/concretefiberhub.com\/#\/schema\/logo\/image\/"}}]}},"_links":{"self":[{"href":"https:\/\/concretefiberhub.com\/tr\/wp-json\/wp\/v2\/pages\/3","targetHints":{"allow":["GET"]}}],"collection":[{"href":"https:\/\/concretefiberhub.com\/tr\/wp-json\/wp\/v2\/pages"}],"about":[{"href":"https:\/\/concretefiberhub.com\/tr\/wp-json\/wp\/v2\/types\/page"}],"author":[{"embeddable":true,"href":"https:\/\/concretefiberhub.com\/tr\/wp-json\/wp\/v2\/users\/1"}],"replies":[{"embeddable":true,"href":"https:\/\/concretefiberhub.com\/tr\/wp-json\/wp\/v2\/comments?post=3"}],"version-history":[{"count":27,"href":"https:\/\/concretefiberhub.com\/tr\/wp-json\/wp\/v2\/pages\/3\/revisions"}],"predecessor-version":[{"id":8252,"href":"https:\/\/concretefiberhub.com\/tr\/wp-json\/wp\/v2\/pages\/3\/revisions\/8252"}],"wp:attachment":[{"href":"https:\/\/concretefiberhub.com\/tr\/wp-json\/wp\/v2\/media?parent=3"}],"curies":[{"name":"wp","href":"https:\/\/api.w.org\/{rel}","templated":true}]}}