{"id":3,"date":"2024-11-05T03:13:44","date_gmt":"2024-11-05T03:13:44","guid":{"rendered":"https:\/\/concretefiberhub.com\/?page_id=3"},"modified":"2025-01-15T01:49:58","modified_gmt":"2025-01-15T01:49:58","slug":"politica-de-privacidade","status":"publish","type":"page","link":"https:\/\/concretefiberhub.com\/pt\/politica-de-privacidade\/","title":{"rendered":"Pol\u00edtica de privacidade"},"content":{"rendered":"<div data-elementor-type=\"wp-page\" data-elementor-id=\"3\" class=\"elementor elementor-3\" data-elementor-post-type=\"page\">\n\t\t\t\t<div class=\"elementor-element elementor-element-7b71deb3 e-flex e-con-boxed e-con e-parent\" data-id=\"7b71deb3\" data-element_type=\"container\" data-e-type=\"container\">\n\t\t\t\t\t<div class=\"e-con-inner\">\n\t\t\t\t<div class=\"elementor-element elementor-element-d8f14fa elementor-widget elementor-widget-heading\" data-id=\"d8f14fa\" data-element_type=\"widget\" data-e-type=\"widget\" data-widget_type=\"heading.default\">\n\t\t\t\t<div class=\"elementor-widget-container\">\n\t\t\t\t\t<h1 class=\"elementor-heading-title elementor-size-default\">Declara\u00e7\u00e3o de privacidade da Fiberego<\/h1>\t\t\t\t<\/div>\n\t\t\t\t<\/div>\n\t\t\t\t<div class=\"elementor-element elementor-element-6d66819 elementor-widget elementor-widget-text-editor\" data-id=\"6d66819\" data-element_type=\"widget\" data-e-type=\"widget\" data-widget_type=\"text-editor.default\">\n\t\t\t\t<div class=\"elementor-widget-container\">\n\t\t\t\t\t\t\t\t\t<div class=\"Privacy_item\" data-v-07e5320a=\"\"><div class=\"desc\" data-v-07e5320a=\"\">A Fiberego leva a sua privacidade muito a s\u00e9rio e est\u00e1 empenhada em proteger as suas informa\u00e7\u00f5es pessoais e a seguran\u00e7a dos dados. Segue-se uma declara\u00e7\u00e3o sobre a pol\u00edtica de privacidade e o compromisso de confidencialidade da Fiberego.<\/div><\/div><h3 class=\"Privacy_item\">1. Vis\u00e3o geral da pol\u00edtica de privacidade<\/h3><div class=\"desc\" data-v-07e5320a=\"\">A Fiberego recolhe e utiliza as suas informa\u00e7\u00f5es pessoais para lhe fornecer um servi\u00e7o de qualidade e uma experi\u00eancia agrad\u00e1vel. A nossa prote\u00e7\u00e3o da privacidade abrange todas as actividades do utilizador no s\u00edtio Web da Fiberego, incluindo, entre outras, a navega\u00e7\u00e3o, as compras, o registo, o envio de mensagens e outros comportamentos.<br data-v-07e5320a=\"\" \/>Apenas recolheremos e utilizaremos as suas informa\u00e7\u00f5es pessoais com o seu consentimento ou conforme exigido por lei. Comprometemo-nos a cumprir rigorosamente as leis e regulamentos relevantes ao processar as suas informa\u00e7\u00f5es pessoais e a tomar as medidas adequadas para proteger a sua privacidade.<\/div><div class=\"Privacy_item\" data-v-07e5320a=\"\"><h3 class=\"title\">2. Medidas de seguran\u00e7a dos dados<\/h3><div class=\"desc\" data-v-07e5320a=\"\">Para garantir a seguran\u00e7a dos seus dados, tom\u00e1mos as seguintes medidas:<br data-v-07e5320a=\"\" \/>Encripta\u00e7\u00e3o de dados: Armazenamos as suas informa\u00e7\u00f5es pessoais encriptadas nos nossos servidores para evitar o acesso n\u00e3o autorizado e a fuga de dados.<br data-v-07e5320a=\"\" \/>Controlo de acesso: Restringimos rigorosamente o acesso \u00e0s suas informa\u00e7\u00f5es pessoais e s\u00f3 as utilizamos pelos funcion\u00e1rios e parceiros que delas necessitam.<br data-v-07e5320a=\"\" \/>C\u00f3pia de seguran\u00e7a dos dados: Fazemos regularmente c\u00f3pias de seguran\u00e7a das suas informa\u00e7\u00f5es pessoais para evitar a perda ou corrup\u00e7\u00e3o de dados.<\/div><\/div><div class=\"Privacy_item\" data-v-07e5320a=\"\"><h3 class=\"title\">3. Prote\u00e7\u00e3o dos direitos e interesses dos utilizadores<\/h3><div class=\"desc\" data-v-07e5320a=\"\">Damos grande import\u00e2ncia aos direitos do utilizador e tomamos as seguintes medidas para proteger a sua privacidade e seguran\u00e7a:<br data-v-07e5320a=\"\" \/>Prote\u00e7\u00e3o das informa\u00e7\u00f5es do utilizador: Comprometemo-nos a n\u00e3o vender ou alugar as suas informa\u00e7\u00f5es pessoais a terceiros, exceto se o utilizador concordar explicitamente ou se for exigido por lei.<br data-v-07e5320a=\"\" \/>Prote\u00e7\u00e3o da propriedade intelectual: Respeitamos os seus direitos de propriedade intelectual e tomamos medidas para evitar que as suas informa\u00e7\u00f5es pessoais sejam utilizadas para fins ilegais.<br data-v-07e5320a=\"\" \/>Tratamento de viola\u00e7\u00f5es: Se encontrar algum comportamento que viole esta pol\u00edtica de privacidade, contacte-nos imediatamente e tomaremos as medidas adequadas para corrigir e evitar comportamentos semelhantes.<\/div><\/div><div class=\"Privacy_item\" data-v-07e5320a=\"\"><h3 class=\"title\">4. Isen\u00e7\u00e3o de responsabilidade<\/h3><div class=\"desc\" data-v-07e5320a=\"\">RISCO E RESPONSABILIDADE DE UTILIZA\u00c7\u00c3O: Quando utiliza o website da Fiberego, f\u00e1-lo por sua pr\u00f3pria conta e risco.<br data-v-07e5320a=\"\" \/>Ren\u00fancia de actos ilegais: A Fiberego n\u00e3o ser\u00e1 respons\u00e1vel por quaisquer actos ilegais encontrados por si ou por outros utilizadores enquanto utiliza este website.<br data-v-07e5320a=\"\" \/>Manuten\u00e7\u00e3o do ambiente de rede: A Fiberego incentiva todos os utilizadores a respeitarem os regulamentos deste s\u00edtio Web e a manterem ativamente um bom ambiente de rede.<\/div><\/div><div class=\"Privacy_item\" data-v-07e5320a=\"\"><h3 class=\"title\">Se tiver alguma d\u00favida ou sugest\u00e3o sobre esta declara\u00e7\u00e3o de privacidade, contacte-nos atrav\u00e9s de<\/h3><div class=\"desc\" data-v-07e5320a=\"\">Correio eletr\u00f3nico: info@fiberego-mikem.com<br data-v-07e5320a=\"\" \/>Linha direta de apoio ao cliente: 0531-87919350<br data-v-07e5320a=\"\" \/>Esta declara\u00e7\u00e3o de privacidade ser\u00e1 continuamente actualizada para se adaptar \u00e0s novas leis e regulamentos e \u00e0s necessidades comerciais. Em caso de altera\u00e7\u00f5es, colocaremos um aviso nesta p\u00e1gina. Mantenha-se atento a esta declara\u00e7\u00e3o de privacidade para obter os conte\u00fados mais recentes.<\/div><\/div>\t\t\t\t\t\t\t\t<\/div>\n\t\t\t\t<\/div>\n\t\t\t\t\t<\/div>\n\t\t\t\t<\/div>\n\t\t\t\t<\/div>","protected":false},"excerpt":{"rendered":"<p>Fiberego Privacy Statement Fiberego takes your privacy very seriously and is committed to protecting your personal information and data security. [&hellip;]<\/p>\n","protected":false},"author":1,"featured_media":0,"parent":0,"menu_order":0,"comment_status":"closed","ping_status":"closed","template":"","meta":{"site-sidebar-layout":"default","site-content-layout":"","ast-site-content-layout":"","site-content-style":"default","site-sidebar-style":"default","ast-global-header-display":"","ast-banner-title-visibility":"","ast-main-header-display":"","ast-hfb-above-header-display":"","ast-hfb-below-header-display":"","ast-hfb-mobile-header-display":"","site-post-title":"disabled","ast-breadcrumbs-content":"","ast-featured-img":"","footer-sml-layout":"","theme-transparent-header-meta":"","adv-header-id-meta":"","stick-header-meta":"","header-above-stick-meta":"","header-main-stick-meta":"","header-below-stick-meta":"","astra-migrate-meta-layouts":"default","ast-page-background-enabled":"default","ast-page-background-meta":{"desktop":{"background-color":"var(--ast-global-color-4)","background-image":"","background-repeat":"repeat","background-position":"center center","background-size":"auto","background-attachment":"scroll","background-type":"","background-media":"","overlay-type":"","overlay-color":"","overlay-opacity":"","overlay-gradient":""},"tablet":{"background-color":"","background-image":"","background-repeat":"repeat","background-position":"center center","background-size":"auto","background-attachment":"scroll","background-type":"","background-media":"","overlay-type":"","overlay-color":"","overlay-opacity":"","overlay-gradient":""},"mobile":{"background-color":"","background-image":"","background-repeat":"repeat","background-position":"center center","background-size":"auto","background-attachment":"scroll","background-type":"","background-media":"","overlay-type":"","overlay-color":"","overlay-opacity":"","overlay-gradient":""}},"ast-content-background-meta":{"desktop":{"background-color":"var(--ast-global-color-5)","background-image":"","background-repeat":"repeat","background-position":"center center","background-size":"auto","background-attachment":"scroll","background-type":"","background-media":"","overlay-type":"","overlay-color":"","overlay-opacity":"","overlay-gradient":""},"tablet":{"background-color":"var(--ast-global-color-5)","background-image":"","background-repeat":"repeat","background-position":"center center","background-size":"auto","background-attachment":"scroll","background-type":"","background-media":"","overlay-type":"","overlay-color":"","overlay-opacity":"","overlay-gradient":""},"mobile":{"background-color":"var(--ast-global-color-5)","background-image":"","background-repeat":"repeat","background-position":"center center","background-size":"auto","background-attachment":"scroll","background-type":"","background-media":"","overlay-type":"","overlay-color":"","overlay-opacity":"","overlay-gradient":""}},"footnotes":""},"class_list":["post-3","page","type-page","status-publish","hentry"],"yoast_head":"<!-- This site is optimized with the Yoast SEO Premium plugin v24.9 (Yoast SEO v24.9) - https:\/\/yoast.com\/wordpress\/plugins\/seo\/ -->\n<title>Privacy Policy - concretefiberhub.com<\/title>\n<meta name=\"robots\" content=\"index, follow, max-snippet:-1, max-image-preview:large, max-video-preview:-1\" \/>\n<link rel=\"canonical\" href=\"https:\/\/concretefiberhub.com\/pt\/politica-de-privacidade\/\" \/>\n<meta property=\"og:locale\" content=\"pt_PT\" \/>\n<meta property=\"og:type\" content=\"article\" \/>\n<meta property=\"og:title\" content=\"Privacy Policy\" \/>\n<meta property=\"og:description\" content=\"Fiberego Privacy Statement Fiberego takes your privacy very seriously and is committed to protecting your personal information and data security. [&hellip;]\" \/>\n<meta property=\"og:url\" content=\"https:\/\/concretefiberhub.com\/pt\/politica-de-privacidade\/\" \/>\n<meta property=\"og:site_name\" content=\"concretefiberhub.com\" \/>\n<meta property=\"article:modified_time\" content=\"2025-01-15T01:49:58+00:00\" \/>\n<meta name=\"twitter:card\" content=\"summary_large_image\" \/>\n<meta name=\"twitter:label1\" content=\"Tempo estimado de leitura\" \/>\n\t<meta name=\"twitter:data1\" content=\"2 minutos\" \/>\n<script type=\"application\/ld+json\" class=\"yoast-schema-graph\">{\"@context\":\"https:\/\/schema.org\",\"@graph\":[{\"@type\":\"WebPage\",\"@id\":\"https:\/\/concretefiberhub.com\/privacy-policy\/\",\"url\":\"https:\/\/concretefiberhub.com\/privacy-policy\/\",\"name\":\"Privacy Policy - concretefiberhub.com\",\"isPartOf\":{\"@id\":\"https:\/\/concretefiberhub.com\/#website\"},\"datePublished\":\"2024-11-05T03:13:44+00:00\",\"dateModified\":\"2025-01-15T01:49:58+00:00\",\"breadcrumb\":{\"@id\":\"https:\/\/concretefiberhub.com\/privacy-policy\/#breadcrumb\"},\"inLanguage\":\"pt-PT\",\"potentialAction\":[{\"@type\":\"ReadAction\",\"target\":[\"https:\/\/concretefiberhub.com\/privacy-policy\/\"]}]},{\"@type\":\"BreadcrumbList\",\"@id\":\"https:\/\/concretefiberhub.com\/privacy-policy\/#breadcrumb\",\"itemListElement\":[{\"@type\":\"ListItem\",\"position\":1,\"name\":\"Home\",\"item\":\"https:\/\/concretefiberhub.com\/\"},{\"@type\":\"ListItem\",\"position\":2,\"name\":\"Privacy Policy\"}]},{\"@type\":\"WebSite\",\"@id\":\"https:\/\/concretefiberhub.com\/#website\",\"url\":\"https:\/\/concretefiberhub.com\/\",\"name\":\"concretefiberhub.com\",\"description\":\"concretefiberhub.com\",\"publisher\":{\"@id\":\"https:\/\/concretefiberhub.com\/#organization\"},\"potentialAction\":[{\"@type\":\"SearchAction\",\"target\":{\"@type\":\"EntryPoint\",\"urlTemplate\":\"https:\/\/concretefiberhub.com\/?s={search_term_string}\"},\"query-input\":{\"@type\":\"PropertyValueSpecification\",\"valueRequired\":true,\"valueName\":\"search_term_string\"}}],\"inLanguage\":\"pt-PT\"},{\"@type\":\"Organization\",\"@id\":\"https:\/\/concretefiberhub.com\/#organization\",\"name\":\"concretefiberhub.com\",\"url\":\"https:\/\/concretefiberhub.com\/\",\"logo\":{\"@type\":\"ImageObject\",\"inLanguage\":\"pt-PT\",\"@id\":\"https:\/\/concretefiberhub.com\/#\/schema\/logo\/image\/\",\"url\":\"https:\/\/concretefiberhub.com\/wp-content\/uploads\/2024\/12\/fiberego-logo.png\",\"contentUrl\":\"https:\/\/concretefiberhub.com\/wp-content\/uploads\/2024\/12\/fiberego-logo.png\",\"width\":969,\"height\":225,\"caption\":\"concretefiberhub.com\"},\"image\":{\"@id\":\"https:\/\/concretefiberhub.com\/#\/schema\/logo\/image\/\"}}]}<\/script>\n<!-- \/ Yoast SEO Premium plugin. -->","yoast_head_json":{"title":"Pol\u00edtica de privacidade - concretefiberhub.com","robots":{"index":"index","follow":"follow","max-snippet":"max-snippet:-1","max-image-preview":"max-image-preview:large","max-video-preview":"max-video-preview:-1"},"canonical":"https:\/\/concretefiberhub.com\/pt\/politica-de-privacidade\/","og_locale":"pt_PT","og_type":"article","og_title":"Privacy Policy","og_description":"Fiberego Privacy Statement Fiberego takes your privacy very seriously and is committed to protecting your personal information and data security. [&hellip;]","og_url":"https:\/\/concretefiberhub.com\/pt\/politica-de-privacidade\/","og_site_name":"concretefiberhub.com","article_modified_time":"2025-01-15T01:49:58+00:00","twitter_card":"summary_large_image","twitter_misc":{"Tempo estimado de leitura":"2 minutos"},"schema":{"@context":"https:\/\/schema.org","@graph":[{"@type":"WebPage","@id":"https:\/\/concretefiberhub.com\/privacy-policy\/","url":"https:\/\/concretefiberhub.com\/privacy-policy\/","name":"Pol\u00edtica de privacidade - concretefiberhub.com","isPartOf":{"@id":"https:\/\/concretefiberhub.com\/#website"},"datePublished":"2024-11-05T03:13:44+00:00","dateModified":"2025-01-15T01:49:58+00:00","breadcrumb":{"@id":"https:\/\/concretefiberhub.com\/privacy-policy\/#breadcrumb"},"inLanguage":"pt-PT","potentialAction":[{"@type":"ReadAction","target":["https:\/\/concretefiberhub.com\/privacy-policy\/"]}]},{"@type":"BreadcrumbList","@id":"https:\/\/concretefiberhub.com\/privacy-policy\/#breadcrumb","itemListElement":[{"@type":"ListItem","position":1,"name":"Home","item":"https:\/\/concretefiberhub.com\/"},{"@type":"ListItem","position":2,"name":"Privacy Policy"}]},{"@type":"WebSite","@id":"https:\/\/concretefiberhub.com\/#website","url":"https:\/\/concretefiberhub.com\/","name":"concretefiberhub.com","description":"concretefiberhub.com","publisher":{"@id":"https:\/\/concretefiberhub.com\/#organization"},"potentialAction":[{"@type":"SearchAction","target":{"@type":"EntryPoint","urlTemplate":"https:\/\/concretefiberhub.com\/?s={search_term_string}"},"query-input":{"@type":"PropertyValueSpecification","valueRequired":true,"valueName":"search_term_string"}}],"inLanguage":"pt-PT"},{"@type":"Organization","@id":"https:\/\/concretefiberhub.com\/#organization","name":"concretefiberhub.com","url":"https:\/\/concretefiberhub.com\/","logo":{"@type":"ImageObject","inLanguage":"pt-PT","@id":"https:\/\/concretefiberhub.com\/#\/schema\/logo\/image\/","url":"https:\/\/concretefiberhub.com\/wp-content\/uploads\/2024\/12\/fiberego-logo.png","contentUrl":"https:\/\/concretefiberhub.com\/wp-content\/uploads\/2024\/12\/fiberego-logo.png","width":969,"height":225,"caption":"concretefiberhub.com"},"image":{"@id":"https:\/\/concretefiberhub.com\/#\/schema\/logo\/image\/"}}]}},"_links":{"self":[{"href":"https:\/\/concretefiberhub.com\/pt\/wp-json\/wp\/v2\/pages\/3","targetHints":{"allow":["GET"]}}],"collection":[{"href":"https:\/\/concretefiberhub.com\/pt\/wp-json\/wp\/v2\/pages"}],"about":[{"href":"https:\/\/concretefiberhub.com\/pt\/wp-json\/wp\/v2\/types\/page"}],"author":[{"embeddable":true,"href":"https:\/\/concretefiberhub.com\/pt\/wp-json\/wp\/v2\/users\/1"}],"replies":[{"embeddable":true,"href":"https:\/\/concretefiberhub.com\/pt\/wp-json\/wp\/v2\/comments?post=3"}],"version-history":[{"count":27,"href":"https:\/\/concretefiberhub.com\/pt\/wp-json\/wp\/v2\/pages\/3\/revisions"}],"predecessor-version":[{"id":8252,"href":"https:\/\/concretefiberhub.com\/pt\/wp-json\/wp\/v2\/pages\/3\/revisions\/8252"}],"wp:attachment":[{"href":"https:\/\/concretefiberhub.com\/pt\/wp-json\/wp\/v2\/media?parent=3"}],"curies":[{"name":"wp","href":"https:\/\/api.w.org\/{rel}","templated":true}]}}