{"id":3,"date":"2024-11-05T03:13:44","date_gmt":"2024-11-05T03:13:44","guid":{"rendered":"https:\/\/concretefiberhub.com\/?page_id=3"},"modified":"2025-01-15T01:49:58","modified_gmt":"2025-01-15T01:49:58","slug":"politica-de-privacidad","status":"publish","type":"page","link":"https:\/\/concretefiberhub.com\/es\/politica-de-privacidad\/","title":{"rendered":"Pol\u00edtica de privacidad"},"content":{"rendered":"<div data-elementor-type=\"wp-page\" data-elementor-id=\"3\" class=\"elementor elementor-3\" data-elementor-post-type=\"page\">\n\t\t\t\t<div class=\"elementor-element elementor-element-7b71deb3 e-flex e-con-boxed e-con e-parent\" data-id=\"7b71deb3\" data-element_type=\"container\" data-e-type=\"container\">\n\t\t\t\t\t<div class=\"e-con-inner\">\n\t\t\t\t<div class=\"elementor-element elementor-element-d8f14fa elementor-widget elementor-widget-heading\" data-id=\"d8f14fa\" data-element_type=\"widget\" data-e-type=\"widget\" data-widget_type=\"heading.default\">\n\t\t\t\t<div class=\"elementor-widget-container\">\n\t\t\t\t\t<h1 class=\"elementor-heading-title elementor-size-default\">Declaraci\u00f3n de privacidad de Fiberego<\/h1>\t\t\t\t<\/div>\n\t\t\t\t<\/div>\n\t\t\t\t<div class=\"elementor-element elementor-element-6d66819 elementor-widget elementor-widget-text-editor\" data-id=\"6d66819\" data-element_type=\"widget\" data-e-type=\"widget\" data-widget_type=\"text-editor.default\">\n\t\t\t\t<div class=\"elementor-widget-container\">\n\t\t\t\t\t\t\t\t\t<div class=\"Privacy_item\" data-v-07e5320a=\"\"><div class=\"desc\" data-v-07e5320a=\"\">Fiberego se toma muy en serio su privacidad y se compromete a proteger su informaci\u00f3n personal y la seguridad de sus datos. A continuaci\u00f3n encontrar\u00e1 una declaraci\u00f3n sobre la pol\u00edtica de privacidad y el compromiso de confidencialidad de Fiberego.<\/div><\/div><h3 class=\"Privacy_item\">1. Visi\u00f3n general de la pol\u00edtica de privacidad<\/h3><div class=\"desc\" data-v-07e5320a=\"\">Fiberego recopila y utiliza su informaci\u00f3n personal para ofrecerle un servicio de calidad y una experiencia agradable. Nuestra protecci\u00f3n de la privacidad abarca todas sus actividades en el sitio web de Fiberego, incluidas, entre otras, la navegaci\u00f3n, las compras, el registro, el env\u00edo de mensajes y otros comportamientos.<br data-v-07e5320a=\"\" \/>S\u00f3lo recopilaremos y utilizaremos su informaci\u00f3n personal con su consentimiento o seg\u00fan lo exija la ley. Nos comprometemos a cumplir estrictamente las leyes y reglamentos pertinentes al procesar su informaci\u00f3n personal, y a tomar las medidas adecuadas para proteger su privacidad.<\/div><div class=\"Privacy_item\" data-v-07e5320a=\"\"><h3 class=\"title\">2. Medidas de seguridad de los datos<\/h3><div class=\"desc\" data-v-07e5320a=\"\">Para garantizar la seguridad de sus datos, hemos adoptado las siguientes medidas:<br data-v-07e5320a=\"\" \/>Cifrado de datos: Almacenamos su informaci\u00f3n personal encriptada en nuestros servidores para evitar el acceso no autorizado y la fuga de datos.<br data-v-07e5320a=\"\" \/>Control de acceso: Restringimos estrictamente el acceso a su informaci\u00f3n personal, y s\u00f3lo la utilizan los empleados y socios que la necesitan.<br data-v-07e5320a=\"\" \/>Copia de seguridad de los datos: Realizamos peri\u00f3dicamente copias de seguridad de su informaci\u00f3n personal para evitar la p\u00e9rdida o corrupci\u00f3n de datos.<\/div><\/div><div class=\"Privacy_item\" data-v-07e5320a=\"\"><h3 class=\"title\">3. Protecci\u00f3n de los derechos e intereses de los usuarios<\/h3><div class=\"desc\" data-v-07e5320a=\"\">Concedemos gran importancia a sus derechos y adoptamos las siguientes medidas para proteger su privacidad y seguridad:<br data-v-07e5320a=\"\" \/>Protecci\u00f3n de la informaci\u00f3n del usuario: Nos comprometemos a no vender ni alquilar su informaci\u00f3n personal a terceros, a menos que usted lo acepte expl\u00edcitamente o la ley lo exija.<br data-v-07e5320a=\"\" \/>Protecci\u00f3n de la propiedad intelectual: Respetamos sus derechos de propiedad intelectual y tomamos medidas para evitar que su informaci\u00f3n personal se utilice con fines ilegales.<br data-v-07e5320a=\"\" \/>Gesti\u00f3n de infracciones: Si encuentra alg\u00fan comportamiento que viole esta pol\u00edtica de privacidad, p\u00f3ngase en contacto con nosotros inmediatamente, y tomaremos las medidas adecuadas para corregir y prevenir comportamientos similares.<\/div><\/div><div class=\"Privacy_item\" data-v-07e5320a=\"\"><h3 class=\"title\">4. Descargo de responsabilidad<\/h3><div class=\"desc\" data-v-07e5320a=\"\">RIESGO Y RESPONSABILIDAD DE USO: Cuando usted utiliza el sitio web de Fiberego, lo hace bajo su propio riesgo y responsabilidad.<br data-v-07e5320a=\"\" \/>Exenci\u00f3n de responsabilidad por actos ilegales: Fiberego no se hace responsable de los actos ilegales que usted u otros usuarios puedan cometer al utilizar este sitio web.<br data-v-07e5320a=\"\" \/>Mantenimiento del entorno de red: Fiberego anima a todos los usuarios a respetar las normas de este sitio web y a mantener activamente un buen entorno de red.<\/div><\/div><div class=\"Privacy_item\" data-v-07e5320a=\"\"><h3 class=\"title\">Si tiene alguna pregunta o sugerencia sobre esta declaraci\u00f3n de privacidad, p\u00f3ngase en contacto con nosotros a trav\u00e9s de:<\/h3><div class=\"desc\" data-v-07e5320a=\"\">Correo electr\u00f3nico: info@fiberego-mikem.com<br data-v-07e5320a=\"\" \/>L\u00ednea directa de atenci\u00f3n al cliente: 0531-87919350<br data-v-07e5320a=\"\" \/>Esta declaraci\u00f3n de privacidad se actualizar\u00e1 continuamente para adaptarla a las nuevas leyes y normativas y a las necesidades empresariales. En caso de que se produzca alg\u00fan cambio, publicaremos un aviso en esta p\u00e1gina. Por favor, est\u00e9 atento a esta Declaraci\u00f3n de Privacidad para conocer el contenido m\u00e1s reciente.<\/div><\/div>\t\t\t\t\t\t\t\t<\/div>\n\t\t\t\t<\/div>\n\t\t\t\t\t<\/div>\n\t\t\t\t<\/div>\n\t\t\t\t<\/div>","protected":false},"excerpt":{"rendered":"<p>Fiberego Privacy Statement Fiberego takes your privacy very seriously and is committed to protecting your personal information and data security. [&hellip;]<\/p>\n","protected":false},"author":1,"featured_media":0,"parent":0,"menu_order":0,"comment_status":"closed","ping_status":"closed","template":"","meta":{"site-sidebar-layout":"default","site-content-layout":"","ast-site-content-layout":"","site-content-style":"default","site-sidebar-style":"default","ast-global-header-display":"","ast-banner-title-visibility":"","ast-main-header-display":"","ast-hfb-above-header-display":"","ast-hfb-below-header-display":"","ast-hfb-mobile-header-display":"","site-post-title":"disabled","ast-breadcrumbs-content":"","ast-featured-img":"","footer-sml-layout":"","theme-transparent-header-meta":"","adv-header-id-meta":"","stick-header-meta":"","header-above-stick-meta":"","header-main-stick-meta":"","header-below-stick-meta":"","astra-migrate-meta-layouts":"default","ast-page-background-enabled":"default","ast-page-background-meta":{"desktop":{"background-color":"var(--ast-global-color-4)","background-image":"","background-repeat":"repeat","background-position":"center center","background-size":"auto","background-attachment":"scroll","background-type":"","background-media":"","overlay-type":"","overlay-color":"","overlay-opacity":"","overlay-gradient":""},"tablet":{"background-color":"","background-image":"","background-repeat":"repeat","background-position":"center center","background-size":"auto","background-attachment":"scroll","background-type":"","background-media":"","overlay-type":"","overlay-color":"","overlay-opacity":"","overlay-gradient":""},"mobile":{"background-color":"","background-image":"","background-repeat":"repeat","background-position":"center center","background-size":"auto","background-attachment":"scroll","background-type":"","background-media":"","overlay-type":"","overlay-color":"","overlay-opacity":"","overlay-gradient":""}},"ast-content-background-meta":{"desktop":{"background-color":"var(--ast-global-color-5)","background-image":"","background-repeat":"repeat","background-position":"center center","background-size":"auto","background-attachment":"scroll","background-type":"","background-media":"","overlay-type":"","overlay-color":"","overlay-opacity":"","overlay-gradient":""},"tablet":{"background-color":"var(--ast-global-color-5)","background-image":"","background-repeat":"repeat","background-position":"center center","background-size":"auto","background-attachment":"scroll","background-type":"","background-media":"","overlay-type":"","overlay-color":"","overlay-opacity":"","overlay-gradient":""},"mobile":{"background-color":"var(--ast-global-color-5)","background-image":"","background-repeat":"repeat","background-position":"center center","background-size":"auto","background-attachment":"scroll","background-type":"","background-media":"","overlay-type":"","overlay-color":"","overlay-opacity":"","overlay-gradient":""}},"footnotes":""},"class_list":["post-3","page","type-page","status-publish","hentry"],"yoast_head":"<!-- This site is optimized with the Yoast SEO Premium plugin v24.9 (Yoast SEO v24.9) - https:\/\/yoast.com\/wordpress\/plugins\/seo\/ -->\n<title>Privacy Policy - concretefiberhub.com<\/title>\n<meta name=\"robots\" content=\"index, follow, max-snippet:-1, max-image-preview:large, max-video-preview:-1\" \/>\n<link rel=\"canonical\" href=\"https:\/\/concretefiberhub.com\/es\/politica-de-privacidad\/\" \/>\n<meta property=\"og:locale\" content=\"es_ES\" \/>\n<meta property=\"og:type\" content=\"article\" \/>\n<meta property=\"og:title\" content=\"Privacy Policy\" \/>\n<meta property=\"og:description\" content=\"Fiberego Privacy Statement Fiberego takes your privacy very seriously and is committed to protecting your personal information and data security. [&hellip;]\" \/>\n<meta property=\"og:url\" content=\"https:\/\/concretefiberhub.com\/es\/politica-de-privacidad\/\" \/>\n<meta property=\"og:site_name\" content=\"concretefiberhub.com\" \/>\n<meta property=\"article:modified_time\" content=\"2025-01-15T01:49:58+00:00\" \/>\n<meta name=\"twitter:card\" content=\"summary_large_image\" \/>\n<meta name=\"twitter:label1\" content=\"Tiempo de lectura\" \/>\n\t<meta name=\"twitter:data1\" content=\"2 minutos\" \/>\n<script type=\"application\/ld+json\" class=\"yoast-schema-graph\">{\"@context\":\"https:\/\/schema.org\",\"@graph\":[{\"@type\":\"WebPage\",\"@id\":\"https:\/\/concretefiberhub.com\/privacy-policy\/\",\"url\":\"https:\/\/concretefiberhub.com\/privacy-policy\/\",\"name\":\"Privacy Policy - concretefiberhub.com\",\"isPartOf\":{\"@id\":\"https:\/\/concretefiberhub.com\/#website\"},\"datePublished\":\"2024-11-05T03:13:44+00:00\",\"dateModified\":\"2025-01-15T01:49:58+00:00\",\"breadcrumb\":{\"@id\":\"https:\/\/concretefiberhub.com\/privacy-policy\/#breadcrumb\"},\"inLanguage\":\"es\",\"potentialAction\":[{\"@type\":\"ReadAction\",\"target\":[\"https:\/\/concretefiberhub.com\/privacy-policy\/\"]}]},{\"@type\":\"BreadcrumbList\",\"@id\":\"https:\/\/concretefiberhub.com\/privacy-policy\/#breadcrumb\",\"itemListElement\":[{\"@type\":\"ListItem\",\"position\":1,\"name\":\"Home\",\"item\":\"https:\/\/concretefiberhub.com\/\"},{\"@type\":\"ListItem\",\"position\":2,\"name\":\"Privacy Policy\"}]},{\"@type\":\"WebSite\",\"@id\":\"https:\/\/concretefiberhub.com\/#website\",\"url\":\"https:\/\/concretefiberhub.com\/\",\"name\":\"concretefiberhub.com\",\"description\":\"concretefiberhub.com\",\"publisher\":{\"@id\":\"https:\/\/concretefiberhub.com\/#organization\"},\"potentialAction\":[{\"@type\":\"SearchAction\",\"target\":{\"@type\":\"EntryPoint\",\"urlTemplate\":\"https:\/\/concretefiberhub.com\/?s={search_term_string}\"},\"query-input\":{\"@type\":\"PropertyValueSpecification\",\"valueRequired\":true,\"valueName\":\"search_term_string\"}}],\"inLanguage\":\"es\"},{\"@type\":\"Organization\",\"@id\":\"https:\/\/concretefiberhub.com\/#organization\",\"name\":\"concretefiberhub.com\",\"url\":\"https:\/\/concretefiberhub.com\/\",\"logo\":{\"@type\":\"ImageObject\",\"inLanguage\":\"es\",\"@id\":\"https:\/\/concretefiberhub.com\/#\/schema\/logo\/image\/\",\"url\":\"https:\/\/concretefiberhub.com\/wp-content\/uploads\/2024\/12\/fiberego-logo.png\",\"contentUrl\":\"https:\/\/concretefiberhub.com\/wp-content\/uploads\/2024\/12\/fiberego-logo.png\",\"width\":969,\"height\":225,\"caption\":\"concretefiberhub.com\"},\"image\":{\"@id\":\"https:\/\/concretefiberhub.com\/#\/schema\/logo\/image\/\"}}]}<\/script>\n<!-- \/ Yoast SEO Premium plugin. -->","yoast_head_json":{"title":"Pol\u00edtica de privacidad - concretefiberhub.com","robots":{"index":"index","follow":"follow","max-snippet":"max-snippet:-1","max-image-preview":"max-image-preview:large","max-video-preview":"max-video-preview:-1"},"canonical":"https:\/\/concretefiberhub.com\/es\/politica-de-privacidad\/","og_locale":"es_ES","og_type":"article","og_title":"Privacy Policy","og_description":"Fiberego Privacy Statement Fiberego takes your privacy very seriously and is committed to protecting your personal information and data security. [&hellip;]","og_url":"https:\/\/concretefiberhub.com\/es\/politica-de-privacidad\/","og_site_name":"concretefiberhub.com","article_modified_time":"2025-01-15T01:49:58+00:00","twitter_card":"summary_large_image","twitter_misc":{"Tiempo de lectura":"2 minutos"},"schema":{"@context":"https:\/\/schema.org","@graph":[{"@type":"WebPage","@id":"https:\/\/concretefiberhub.com\/privacy-policy\/","url":"https:\/\/concretefiberhub.com\/privacy-policy\/","name":"Pol\u00edtica de privacidad - concretefiberhub.com","isPartOf":{"@id":"https:\/\/concretefiberhub.com\/#website"},"datePublished":"2024-11-05T03:13:44+00:00","dateModified":"2025-01-15T01:49:58+00:00","breadcrumb":{"@id":"https:\/\/concretefiberhub.com\/privacy-policy\/#breadcrumb"},"inLanguage":"es","potentialAction":[{"@type":"ReadAction","target":["https:\/\/concretefiberhub.com\/privacy-policy\/"]}]},{"@type":"BreadcrumbList","@id":"https:\/\/concretefiberhub.com\/privacy-policy\/#breadcrumb","itemListElement":[{"@type":"ListItem","position":1,"name":"Home","item":"https:\/\/concretefiberhub.com\/"},{"@type":"ListItem","position":2,"name":"Privacy Policy"}]},{"@type":"WebSite","@id":"https:\/\/concretefiberhub.com\/#website","url":"https:\/\/concretefiberhub.com\/","name":"concretefiberhub.com","description":"concretefiberhub.com","publisher":{"@id":"https:\/\/concretefiberhub.com\/#organization"},"potentialAction":[{"@type":"SearchAction","target":{"@type":"EntryPoint","urlTemplate":"https:\/\/concretefiberhub.com\/?s={search_term_string}"},"query-input":{"@type":"PropertyValueSpecification","valueRequired":true,"valueName":"search_term_string"}}],"inLanguage":"es"},{"@type":"Organization","@id":"https:\/\/concretefiberhub.com\/#organization","name":"concretefiberhub.com","url":"https:\/\/concretefiberhub.com\/","logo":{"@type":"ImageObject","inLanguage":"es","@id":"https:\/\/concretefiberhub.com\/#\/schema\/logo\/image\/","url":"https:\/\/concretefiberhub.com\/wp-content\/uploads\/2024\/12\/fiberego-logo.png","contentUrl":"https:\/\/concretefiberhub.com\/wp-content\/uploads\/2024\/12\/fiberego-logo.png","width":969,"height":225,"caption":"concretefiberhub.com"},"image":{"@id":"https:\/\/concretefiberhub.com\/#\/schema\/logo\/image\/"}}]}},"_links":{"self":[{"href":"https:\/\/concretefiberhub.com\/es\/wp-json\/wp\/v2\/pages\/3","targetHints":{"allow":["GET"]}}],"collection":[{"href":"https:\/\/concretefiberhub.com\/es\/wp-json\/wp\/v2\/pages"}],"about":[{"href":"https:\/\/concretefiberhub.com\/es\/wp-json\/wp\/v2\/types\/page"}],"author":[{"embeddable":true,"href":"https:\/\/concretefiberhub.com\/es\/wp-json\/wp\/v2\/users\/1"}],"replies":[{"embeddable":true,"href":"https:\/\/concretefiberhub.com\/es\/wp-json\/wp\/v2\/comments?post=3"}],"version-history":[{"count":27,"href":"https:\/\/concretefiberhub.com\/es\/wp-json\/wp\/v2\/pages\/3\/revisions"}],"predecessor-version":[{"id":8252,"href":"https:\/\/concretefiberhub.com\/es\/wp-json\/wp\/v2\/pages\/3\/revisions\/8252"}],"wp:attachment":[{"href":"https:\/\/concretefiberhub.com\/es\/wp-json\/wp\/v2\/media?parent=3"}],"curies":[{"name":"wp","href":"https:\/\/api.w.org\/{rel}","templated":true}]}}